{"id":6,"date":"2021-05-05T09:51:21","date_gmt":"2021-05-05T09:51:21","guid":{"rendered":"http:\/\/acm4x4.com\/?page_id=6"},"modified":"2021-05-13T09:52:50","modified_gmt":"2021-05-13T09:52:50","slug":"inicio","status":"publish","type":"page","link":"https:\/\/acm4x4.com\/","title":{"rendered":"Inicio"},"content":{"rendered":"\t\t<div data-elementor-type=\"wp-page\" data-elementor-id=\"6\" class=\"elementor elementor-6\">\n\t\t\t\t\t\t<section class=\"elementor-section elementor-top-section elementor-element elementor-element-a714344 elementor-section-full_width elementor-section-content-middle elementor-section-height-default elementor-section-height-default\" data-id=\"a714344\" data-element_type=\"section\" data-settings=\"{&quot;background_background&quot;:&quot;classic&quot;}\">\n\t\t\t\t\t\t\t<div class=\"elementor-background-overlay\"><\/div>\n\t\t\t\t\t\t\t<div class=\"elementor-container elementor-column-gap-default\">\n\t\t\t\t\t<div class=\"elementor-column elementor-col-50 elementor-top-column elementor-element elementor-element-058b470\" data-id=\"058b470\" data-element_type=\"column\" data-settings=\"{&quot;background_background&quot;:&quot;classic&quot;}\">\n\t\t\t<div class=\"elementor-widget-wrap elementor-element-populated\">\n\t\t\t\t\t<div class=\"elementor-background-overlay\"><\/div>\n\t\t\t\t\t\t<section class=\"elementor-section elementor-inner-section elementor-element elementor-element-0906bfc elementor-section-boxed elementor-section-height-default elementor-section-height-default\" data-id=\"0906bfc\" data-element_type=\"section\">\n\t\t\t\t\t\t<div class=\"elementor-container elementor-column-gap-default\">\n\t\t\t\t\t<div class=\"elementor-column elementor-col-33 elementor-inner-column elementor-element elementor-element-a729406\" data-id=\"a729406\" data-element_type=\"column\">\n\t\t\t<div class=\"elementor-widget-wrap elementor-element-populated\">\n\t\t\t\t\t\t<div class=\"elementor-element elementor-element-3fbd061 elementor-widget elementor-widget-image\" data-id=\"3fbd061\" data-element_type=\"widget\" data-widget_type=\"image.default\">\n\t\t\t\t<div class=\"elementor-widget-container\">\n\t\t\t\t\t\t\t\t\t\t\t\t\t\t\t<img fetchpriority=\"high\" decoding=\"async\" width=\"800\" height=\"720\" src=\"https:\/\/acm4x4.com\/wp-content\/uploads\/2021\/05\/logo-acm4x4.png\" class=\"attachment-large size-large wp-image-11\" alt=\"\" srcset=\"https:\/\/acm4x4.com\/wp-content\/uploads\/2021\/05\/logo-acm4x4.png 830w, https:\/\/acm4x4.com\/wp-content\/uploads\/2021\/05\/logo-acm4x4-300x270.png 300w, https:\/\/acm4x4.com\/wp-content\/uploads\/2021\/05\/logo-acm4x4-768x691.png 768w\" sizes=\"(max-width: 800px) 100vw, 800px\" \/>\t\t\t\t\t\t\t\t\t\t\t\t\t\t\t<\/div>\n\t\t\t\t<\/div>\n\t\t\t\t\t<\/div>\n\t\t<\/div>\n\t\t\t\t<div class=\"elementor-column elementor-col-66 elementor-inner-column elementor-element elementor-element-8c5ce15\" data-id=\"8c5ce15\" data-element_type=\"column\">\n\t\t\t<div class=\"elementor-widget-wrap elementor-element-populated\">\n\t\t\t\t\t\t<div class=\"elementor-element elementor-element-86d5db4 elementor-widget elementor-widget-heading\" data-id=\"86d5db4\" data-element_type=\"widget\" data-widget_type=\"heading.default\">\n\t\t\t\t<div class=\"elementor-widget-container\">\n\t\t\t\t\t<h2 class=\"elementor-heading-title elementor-size-default\">Salida 4x4 a la naturaleza<\/h2>\t\t\t\t<\/div>\n\t\t\t\t<\/div>\n\t\t\t\t<div class=\"elementor-element elementor-element-b8cf88c elementor-widget elementor-widget-text-editor\" data-id=\"b8cf88c\" data-element_type=\"widget\" data-widget_type=\"text-editor.default\">\n\t\t\t\t<div class=\"elementor-widget-container\">\n\t\t\t\t\t\t\t\t\t<p>Curso b\u00e1sico de conducci\u00f3n todo terreno<\/p>\t\t\t\t\t\t\t\t<\/div>\n\t\t\t\t<\/div>\n\t\t\t\t\t<\/div>\n\t\t<\/div>\n\t\t\t\t\t<\/div>\n\t\t<\/section>\n\t\t\t\t<div class=\"elementor-element elementor-element-660122f elementor-widget elementor-widget-text-editor\" data-id=\"660122f\" data-element_type=\"widget\" data-widget_type=\"text-editor.default\">\n\t\t\t\t<div class=\"elementor-widget-container\">\n\t\t\t\t\t\t\t\t\t<ul><li>Con veh\u00edculo todoterreno de la organizaci\u00f3n o propio<\/li><li>Puedes venir acompa\u00f1ado<\/li><li>30 minutos de te\u00f3rica y 2 horas de pr\u00e1ctica<\/li><li>Grupo Reducido<\/li><li>Almuerzo inclu\u00eddo<\/li><li>Seguro inclu\u00eddo<\/li><li>Diferentes niveles de dificultad<\/li><\/ul>\t\t\t\t\t\t\t\t<\/div>\n\t\t\t\t<\/div>\n\t\t\t\t<div class=\"elementor-element elementor-element-ccb14eb elementor-widget elementor-widget-heading\" data-id=\"ccb14eb\" data-element_type=\"widget\" data-widget_type=\"heading.default\">\n\t\t\t\t<div class=\"elementor-widget-container\">\n\t\t\t\t\t<h2 class=\"elementor-heading-title elementor-size-default\">\u00a1\u00a1\u00a1 Adrenalina Garantizada !!!<\/h2>\t\t\t\t<\/div>\n\t\t\t\t<\/div>\n\t\t\t\t<div class=\"elementor-element elementor-element-e6f5438 elementor-widget elementor-widget-text-editor\" data-id=\"e6f5438\" data-element_type=\"widget\" data-widget_type=\"text-editor.default\">\n\t\t\t\t<div class=\"elementor-widget-container\">\n\t\t\t\t\t\t\t\t\t<p>Entra ya en el fant\u00e1stico mundo del 4&#215;4<\/p><p>Solicita Informaci\u00f3n<\/p>\t\t\t\t\t\t\t\t<\/div>\n\t\t\t\t<\/div>\n\t\t\t\t<div class=\"elementor-element elementor-element-043e4c8 elementor-widget elementor-widget-heading\" data-id=\"043e4c8\" data-element_type=\"widget\" data-widget_type=\"heading.default\">\n\t\t\t\t<div class=\"elementor-widget-container\">\n\t\t\t\t\t<h2 class=\"elementor-heading-title elementor-size-default\">687 05 31 63<\/h2>\t\t\t\t<\/div>\n\t\t\t\t<\/div>\n\t\t\t\t<div class=\"elementor-element elementor-element-651dad8 elementor-position-left elementor-view-default elementor-mobile-position-top elementor-vertical-align-top elementor-widget elementor-widget-icon-box\" data-id=\"651dad8\" data-element_type=\"widget\" data-widget_type=\"icon-box.default\">\n\t\t\t\t<div class=\"elementor-widget-container\">\n\t\t\t\t\t\t\t<div class=\"elementor-icon-box-wrapper\">\n\n\t\t\t\t\t\t<div class=\"elementor-icon-box-icon\">\n\t\t\t\t<a href=\"https:\/\/t.me\/acm4x4\" class=\"elementor-icon\" tabindex=\"-1\" aria-label=\"Nuestro grupo en Telegram\">\n\t\t\t\t<i aria-hidden=\"true\" class=\"fab fa-telegram\"><\/i>\t\t\t\t<\/a>\n\t\t\t<\/div>\n\t\t\t\n\t\t\t\t\t\t<div class=\"elementor-icon-box-content\">\n\n\t\t\t\t\t\t\t\t\t<h3 class=\"elementor-icon-box-title\">\n\t\t\t\t\t\t<a href=\"https:\/\/t.me\/acm4x4\" >\n\t\t\t\t\t\t\tNuestro grupo en Telegram\t\t\t\t\t\t<\/a>\n\t\t\t\t\t<\/h3>\n\t\t\t\t\n\t\t\t\t\t\t\t\t\t<p class=\"elementor-icon-box-description\">\n\t\t\t\t\t\tACM 4x4\t\t\t\t\t<\/p>\n\t\t\t\t\n\t\t\t<\/div>\n\t\t\t\n\t\t<\/div>\n\t\t\t\t\t\t<\/div>\n\t\t\t\t<\/div>\n\t\t\t\t<div class=\"elementor-element elementor-element-d8e2365 eael-wpforms-form-button-full-width elementor-widget elementor-widget-eael-wpforms\" data-id=\"d8e2365\" data-element_type=\"widget\" data-widget_type=\"eael-wpforms.default\">\n\t\t\t\t<div class=\"elementor-widget-container\">\n\t\t\t\t\t            <div class=\"eael-contact-form eael-wpforms eael-wpforms-align-default\">\n                                <div class=\"wpforms-container wpforms-container-full\" id=\"wpforms-27\"><form id=\"wpforms-form-27\" class=\"wpforms-validate wpforms-form\" data-formid=\"27\" method=\"post\" enctype=\"multipart\/form-data\" action=\"\/index.php?rest_route=%2Fwp%2Fv2%2Fpages%2F6\" data-token=\"8a20f1e342dc3fe0073345cc8f9d2962\" data-token-time=\"1776418882\"><noscript class=\"wpforms-error-noscript\">Por favor, activa JavaScript en tu navegador para completar este formulario.<\/noscript><div class=\"wpforms-field-container\"><div id=\"wpforms-27-field_1-container\" class=\"wpforms-field wpforms-field-text grande\" data-field-id=\"1\"><label class=\"wpforms-field-label wpforms-label-hide\" for=\"wpforms-27-field_1\">Nombre<\/label><input type=\"text\" id=\"wpforms-27-field_1\" class=\"wpforms-field-medium\" name=\"wpforms[fields][1]\" placeholder=\"Nombre\" ><\/div><div id=\"wpforms-27-field_2-container\" class=\"wpforms-field wpforms-field-text mini\" data-field-id=\"2\"><label class=\"wpforms-field-label wpforms-label-hide\" for=\"wpforms-27-field_2\">Tel\u00e9fono <span class=\"wpforms-required-label\">*<\/span><\/label><input type=\"text\" id=\"wpforms-27-field_2\" class=\"wpforms-field-medium wpforms-field-required\" name=\"wpforms[fields][2]\" placeholder=\"Tel\u00e9fono*\" required><\/div><div id=\"wpforms-27-field_3-container\" class=\"wpforms-field wpforms-field-email mini\" data-field-id=\"3\"><label class=\"wpforms-field-label wpforms-label-hide\" for=\"wpforms-27-field_3\">Correo electr\u00f3nico <span class=\"wpforms-required-label\">*<\/span><\/label><input type=\"email\" id=\"wpforms-27-field_3\" class=\"wpforms-field-medium wpforms-field-required\" name=\"wpforms[fields][3]\" placeholder=\"Email*\" spellcheck=\"false\" required><\/div><\/div><!-- .wpforms-field-container --><div class=\"wpforms-submit-container\" ><input type=\"hidden\" name=\"wpforms[id]\" value=\"27\"><input type=\"hidden\" name=\"page_title\" value=\"\"><input type=\"hidden\" name=\"page_url\" value=\"https:\/\/acm4x4.com\/index.php?rest_route=\/wp\/v2\/pages\/6\"><input type=\"hidden\" name=\"url_referer\" value=\"\"><button type=\"submit\" name=\"wpforms[submit]\" id=\"wpforms-submit-27\" class=\"wpforms-submit btn-enviar\" data-alt-text=\"Enviando...\" data-submit-text=\"Solicitar informaci\u00f3n\" aria-live=\"assertive\" value=\"wpforms-submit\">Solicitar informaci\u00f3n<\/button><\/div><\/form><\/div>  <!-- .wpforms-container -->            <\/div>\n\t\t\t\t<\/div>\n\t\t\t\t<\/div>\n\t\t\t\t\t<\/div>\n\t\t<\/div>\n\t\t\t\t<div class=\"elementor-column elementor-col-50 elementor-top-column elementor-element elementor-element-40b1429\" data-id=\"40b1429\" data-element_type=\"column\">\n\t\t\t<div class=\"elementor-widget-wrap elementor-element-populated\">\n\t\t\t\t\t\t<div class=\"elementor-element elementor-element-96a6b81 gallery-spacing-custom fotos elementor-absolute elementor-invisible elementor-widget elementor-widget-image-gallery\" data-id=\"96a6b81\" data-element_type=\"widget\" data-settings=\"{&quot;_animation&quot;:&quot;fadeIn&quot;,&quot;_position&quot;:&quot;absolute&quot;}\" data-widget_type=\"image-gallery.default\">\n\t\t\t\t<div class=\"elementor-widget-container\">\n\t\t\t\t\t\t\t<div class=\"elementor-image-gallery\">\n\t\t\t<div id='gallery-1' class='gallery galleryid-6 gallery-columns-2 gallery-size-medium_large'><figure class='gallery-item'>\n\t\t\t<div class='gallery-icon landscape'>\n\t\t\t\t<a data-elementor-open-lightbox=\"yes\" data-elementor-lightbox-slideshow=\"96a6b81\" data-elementor-lightbox-title=\"IMG-20210321-WA0010\" data-e-action-hash=\"#elementor-action%3Aaction%3Dlightbox%26settings%3DeyJpZCI6NjksInVybCI6Imh0dHBzOlwvXC9hY200eDQuY29tXC93cC1jb250ZW50XC91cGxvYWRzXC8yMDIxXC8wNVwvSU1HLTIwMjEwMzIxLVdBMDAxMC5qcGciLCJzbGlkZXNob3ciOiI5NmE2YjgxIn0%3D\" href='https:\/\/acm4x4.com\/wp-content\/uploads\/2021\/05\/IMG-20210321-WA0010.jpg'><img decoding=\"async\" width=\"768\" height=\"576\" src=\"https:\/\/acm4x4.com\/wp-content\/uploads\/2021\/05\/IMG-20210321-WA0010-768x576.jpg\" class=\"attachment-medium_large size-medium_large\" alt=\"\" srcset=\"https:\/\/acm4x4.com\/wp-content\/uploads\/2021\/05\/IMG-20210321-WA0010-768x576.jpg 768w, https:\/\/acm4x4.com\/wp-content\/uploads\/2021\/05\/IMG-20210321-WA0010-300x225.jpg 300w, https:\/\/acm4x4.com\/wp-content\/uploads\/2021\/05\/IMG-20210321-WA0010-1024x768.jpg 1024w, https:\/\/acm4x4.com\/wp-content\/uploads\/2021\/05\/IMG-20210321-WA0010-1536x1152.jpg 1536w, https:\/\/acm4x4.com\/wp-content\/uploads\/2021\/05\/IMG-20210321-WA0010.jpg 2000w\" sizes=\"(max-width: 768px) 100vw, 768px\" \/><\/a>\n\t\t\t<\/div><\/figure><figure class='gallery-item'>\n\t\t\t<div class='gallery-icon landscape'>\n\t\t\t\t<a data-elementor-open-lightbox=\"yes\" data-elementor-lightbox-slideshow=\"96a6b81\" data-elementor-lightbox-title=\"IMG20201126141737\" data-e-action-hash=\"#elementor-action%3Aaction%3Dlightbox%26settings%3DeyJpZCI6NzAsInVybCI6Imh0dHBzOlwvXC9hY200eDQuY29tXC93cC1jb250ZW50XC91cGxvYWRzXC8yMDIxXC8wNVwvSU1HMjAyMDExMjYxNDE3Mzctc2NhbGVkLmpwZyIsInNsaWRlc2hvdyI6Ijk2YTZiODEifQ%3D%3D\" href='https:\/\/acm4x4.com\/wp-content\/uploads\/2021\/05\/IMG20201126141737-scaled.jpg'><img decoding=\"async\" width=\"768\" height=\"576\" src=\"https:\/\/acm4x4.com\/wp-content\/uploads\/2021\/05\/IMG20201126141737-768x576.jpg\" class=\"attachment-medium_large size-medium_large\" alt=\"\" srcset=\"https:\/\/acm4x4.com\/wp-content\/uploads\/2021\/05\/IMG20201126141737-768x576.jpg 768w, https:\/\/acm4x4.com\/wp-content\/uploads\/2021\/05\/IMG20201126141737-300x225.jpg 300w, https:\/\/acm4x4.com\/wp-content\/uploads\/2021\/05\/IMG20201126141737-1024x768.jpg 1024w, https:\/\/acm4x4.com\/wp-content\/uploads\/2021\/05\/IMG20201126141737-1536x1152.jpg 1536w, https:\/\/acm4x4.com\/wp-content\/uploads\/2021\/05\/IMG20201126141737-2048x1536.jpg 2048w\" sizes=\"(max-width: 768px) 100vw, 768px\" \/><\/a>\n\t\t\t<\/div><\/figure><figure class='gallery-item'>\n\t\t\t<div class='gallery-icon landscape'>\n\t\t\t\t<a data-elementor-open-lightbox=\"yes\" data-elementor-lightbox-slideshow=\"96a6b81\" data-elementor-lightbox-title=\"WhatsApp Image 2020-08-30 at 23.18.27\" data-e-action-hash=\"#elementor-action%3Aaction%3Dlightbox%26settings%3DeyJpZCI6NzEsInVybCI6Imh0dHBzOlwvXC9hY200eDQuY29tXC93cC1jb250ZW50XC91cGxvYWRzXC8yMDIxXC8wNVwvV2hhdHNBcHAtSW1hZ2UtMjAyMC0wOC0zMC1hdC0yMy4xOC4yNy5qcGVnIiwic2xpZGVzaG93IjoiOTZhNmI4MSJ9\" href='https:\/\/acm4x4.com\/wp-content\/uploads\/2021\/05\/WhatsApp-Image-2020-08-30-at-23.18.27.jpeg'><img loading=\"lazy\" decoding=\"async\" width=\"768\" height=\"576\" src=\"https:\/\/acm4x4.com\/wp-content\/uploads\/2021\/05\/WhatsApp-Image-2020-08-30-at-23.18.27-768x576.jpeg\" class=\"attachment-medium_large size-medium_large\" alt=\"\" srcset=\"https:\/\/acm4x4.com\/wp-content\/uploads\/2021\/05\/WhatsApp-Image-2020-08-30-at-23.18.27-768x576.jpeg 768w, https:\/\/acm4x4.com\/wp-content\/uploads\/2021\/05\/WhatsApp-Image-2020-08-30-at-23.18.27-300x225.jpeg 300w, https:\/\/acm4x4.com\/wp-content\/uploads\/2021\/05\/WhatsApp-Image-2020-08-30-at-23.18.27-1024x768.jpeg 1024w, https:\/\/acm4x4.com\/wp-content\/uploads\/2021\/05\/WhatsApp-Image-2020-08-30-at-23.18.27-1536x1152.jpeg 1536w, https:\/\/acm4x4.com\/wp-content\/uploads\/2021\/05\/WhatsApp-Image-2020-08-30-at-23.18.27.jpeg 2016w\" sizes=\"(max-width: 768px) 100vw, 768px\" \/><\/a>\n\t\t\t<\/div><\/figure><figure class='gallery-item'>\n\t\t\t<div class='gallery-icon landscape'>\n\t\t\t\t<a data-elementor-open-lightbox=\"yes\" data-elementor-lightbox-slideshow=\"96a6b81\" data-elementor-lightbox-title=\"WhatsApp Image 2020-10-11 at 18.15.12\" data-e-action-hash=\"#elementor-action%3Aaction%3Dlightbox%26settings%3DeyJpZCI6NzIsInVybCI6Imh0dHBzOlwvXC9hY200eDQuY29tXC93cC1jb250ZW50XC91cGxvYWRzXC8yMDIxXC8wNVwvV2hhdHNBcHAtSW1hZ2UtMjAyMC0xMC0xMS1hdC0xOC4xNS4xMi5qcGVnIiwic2xpZGVzaG93IjoiOTZhNmI4MSJ9\" href='https:\/\/acm4x4.com\/wp-content\/uploads\/2021\/05\/WhatsApp-Image-2020-10-11-at-18.15.12.jpeg'><img loading=\"lazy\" decoding=\"async\" width=\"768\" height=\"576\" src=\"https:\/\/acm4x4.com\/wp-content\/uploads\/2021\/05\/WhatsApp-Image-2020-10-11-at-18.15.12-768x576.jpeg\" class=\"attachment-medium_large size-medium_large\" alt=\"\" srcset=\"https:\/\/acm4x4.com\/wp-content\/uploads\/2021\/05\/WhatsApp-Image-2020-10-11-at-18.15.12-768x576.jpeg 768w, https:\/\/acm4x4.com\/wp-content\/uploads\/2021\/05\/WhatsApp-Image-2020-10-11-at-18.15.12-300x225.jpeg 300w, https:\/\/acm4x4.com\/wp-content\/uploads\/2021\/05\/WhatsApp-Image-2020-10-11-at-18.15.12-1024x768.jpeg 1024w, https:\/\/acm4x4.com\/wp-content\/uploads\/2021\/05\/WhatsApp-Image-2020-10-11-at-18.15.12-1536x1152.jpeg 1536w, https:\/\/acm4x4.com\/wp-content\/uploads\/2021\/05\/WhatsApp-Image-2020-10-11-at-18.15.12.jpeg 1600w\" sizes=\"(max-width: 768px) 100vw, 768px\" \/><\/a>\n\t\t\t<\/div><\/figure>\n\t\t<\/div>\n\t\t<\/div>\n\t\t\t\t\t\t<\/div>\n\t\t\t\t<\/div>\n\t\t\t\t\t<\/div>\n\t\t<\/div>\n\t\t\t\t\t<\/div>\n\t\t<\/section>\n\t\t\t\t<\/div>\n\t\t","protected":false},"excerpt":{"rendered":"<p>Salida 4&#215;4 a la naturaleza Curso b\u00e1sico de conducci\u00f3n todo terreno Con veh\u00edculo todoterreno de la organizaci\u00f3n o propio Puedes venir acompa\u00f1ado 30 minutos de te\u00f3rica y 2 horas de pr\u00e1ctica Grupo Reducido Almuerzo inclu\u00eddo Seguro inclu\u00eddo Diferentes niveles de dificultad \u00a1\u00a1\u00a1 Adrenalina Garantizada !!! Entra ya en el fant\u00e1stico mundo del 4&#215;4 Solicita Informaci\u00f3n [&hellip;]<\/p>\n","protected":false},"author":1,"featured_media":0,"parent":0,"menu_order":0,"comment_status":"closed","ping_status":"closed","template":"elementor_canvas","meta":{"footnotes":""},"class_list":["post-6","page","type-page","status-publish","hentry"],"_links":{"self":[{"href":"https:\/\/acm4x4.com\/index.php?rest_route=\/wp\/v2\/pages\/6","targetHints":{"allow":["GET"]}}],"collection":[{"href":"https:\/\/acm4x4.com\/index.php?rest_route=\/wp\/v2\/pages"}],"about":[{"href":"https:\/\/acm4x4.com\/index.php?rest_route=\/wp\/v2\/types\/page"}],"author":[{"embeddable":true,"href":"https:\/\/acm4x4.com\/index.php?rest_route=\/wp\/v2\/users\/1"}],"replies":[{"embeddable":true,"href":"https:\/\/acm4x4.com\/index.php?rest_route=%2Fwp%2Fv2%2Fcomments&post=6"}],"version-history":[{"count":157,"href":"https:\/\/acm4x4.com\/index.php?rest_route=\/wp\/v2\/pages\/6\/revisions"}],"predecessor-version":[{"id":178,"href":"https:\/\/acm4x4.com\/index.php?rest_route=\/wp\/v2\/pages\/6\/revisions\/178"}],"wp:attachment":[{"href":"https:\/\/acm4x4.com\/index.php?rest_route=%2Fwp%2Fv2%2Fmedia&parent=6"}],"curies":[{"name":"wp","href":"https:\/\/api.w.org\/{rel}","templated":true}]}}